{"id":94,"date":"2014-05-06T14:37:27","date_gmt":"2014-05-06T14:37:27","guid":{"rendered":"http:\/\/14aug.dk\/?page_id=94"},"modified":"2017-02-27T21:25:10","modified_gmt":"2017-02-27T21:25:10","slug":"formal","status":"publish","type":"page","link":"https:\/\/www.14aug.dk\/?page_id=94","title":{"rendered":"Form\u00e5l"},"content":{"rendered":"<p><span style=\"line-height: 1.5em;\">14.august &#8211; Foreningen for Kunsth\u00e5ndv\u00e6rk og Design er den eneste landsd\u00e6kkende forening i Danmark, der er \u00e5ben for alle, og som udelukkende k\u00f8ber unikt kunsth\u00e5ndv\u00e6rk til udlodning blandt medlemmerne. De indk\u00f8bte arbejder bliver hvert \u00e5r udstillet p\u00e5 et galleri eller et museum i forbindelse med et medlemsarrangement.<\/span><\/p>\n<p>Notarius Publicus udtr\u00e6kker de heldige vindere og gevinsterne er unikt kunsth\u00e5ndv\u00e6rk, udf\u00f8rt af talentfulde kunsth\u00e5ndv\u00e6rkere. Gevinsterne bliver k\u00f8bt af et indk\u00f8bsudvalg, der ogs\u00e5 ser det som en vigtig del af sin opgaven at s\u00f8rge for b\u00e5de at pleje de allerede k\u00e5rede mestre og at spejde efter lovende, unge talenter.<\/p>\n<p>Indk\u00f8bene er ikke alene et skulderklap, men ogs\u00e5 en \u00f8konomisk st\u00f8tte for kunsth\u00e5ndv\u00e6rkerne. De opfatter et indk\u00f8b af foreningen som et bl\u00e5t stempel, for de ved, at 14.august er kr\u00e6sen. Den kr\u00e6ver b\u00e5de kunstnerisk- og h\u00e5ndv\u00e6rksm\u00e6ssig h\u00f8j kvalitet. Tingene skal v\u00e6re smukke, nye og originale.<\/p>\n<p>Indk\u00f8bsudvalget best\u00e5r af 2-3 kunsth\u00e5ndv\u00e6rkere og foreningens sekret\u00e6r.<\/p>\n<p>Alle kan blive medlem af 14. august ved betaling af det \u00e5rlige kontingent, og alle har hvert \u00e5r chancen for at vinde unikt kunsth\u00e5ndv\u00e6rk.<\/p>\n<p>Foreningen drives p\u00e5 et idealistisk grundlag og alle arbejder ul\u00f8nnet. Foreningen er en non-profit interesseforening, der \u00f8konomisk hviler i sig selv.<\/p>\n<p>&nbsp;<\/p>\n<p>&nbsp;<\/p>\n<p>&nbsp;<\/p>\n","protected":false},"excerpt":{"rendered":"<p>14.august &#8211; Foreningen for Kunsth\u00e5ndv\u00e6rk og Design er den eneste landsd\u00e6kkende forening i Danmark, der er \u00e5ben for alle, og som udelukkende k\u00f8ber unikt kunsth\u00e5ndv\u00e6rk til udlodning blandt medlemmerne. De indk\u00f8bte arbejder bliver hvert \u00e5r udstillet p\u00e5 et galleri eller et museum i forbindelse med et medlemsarrangement. Notarius Publicus udtr\u00e6kker de heldige vindere og gevinsterne <a class=\"read-more\" href=\"https:\/\/www.14aug.dk\/?page_id=94\">[&#8230;]<\/a><\/p>\n","protected":false},"author":1,"featured_media":0,"parent":0,"menu_order":0,"comment_status":"closed","ping_status":"closed","template":"","meta":{"footnotes":""},"_links":{"self":[{"href":"https:\/\/www.14aug.dk\/index.php?rest_route=\/wp\/v2\/pages\/94"}],"collection":[{"href":"https:\/\/www.14aug.dk\/index.php?rest_route=\/wp\/v2\/pages"}],"about":[{"href":"https:\/\/www.14aug.dk\/index.php?rest_route=\/wp\/v2\/types\/page"}],"author":[{"embeddable":true,"href":"https:\/\/www.14aug.dk\/index.php?rest_route=\/wp\/v2\/users\/1"}],"replies":[{"embeddable":true,"href":"https:\/\/www.14aug.dk\/index.php?rest_route=%2Fwp%2Fv2%2Fcomments&post=94"}],"version-history":[{"count":5,"href":"https:\/\/www.14aug.dk\/index.php?rest_route=\/wp\/v2\/pages\/94\/revisions"}],"predecessor-version":[{"id":1472,"href":"https:\/\/www.14aug.dk\/index.php?rest_route=\/wp\/v2\/pages\/94\/revisions\/1472"}],"wp:attachment":[{"href":"https:\/\/www.14aug.dk\/index.php?rest_route=%2Fwp%2Fv2%2Fmedia&parent=94"}],"curies":[{"name":"wp","href":"https:\/\/api.w.org\/{rel}","templated":true}]}}