{"id":8,"date":"2014-04-08T17:52:19","date_gmt":"2014-04-08T17:52:19","guid":{"rendered":"http:\/\/14aug.dk\/?page_id=8"},"modified":"2022-09-11T06:46:48","modified_gmt":"2022-09-11T06:46:48","slug":"udstilling","status":"publish","type":"page","link":"https:\/\/www.14aug.dk\/?page_id=8","title":{"rendered":"Udlodning og udstilling"},"content":{"rendered":"<h4><\/h4>\n<h4><\/h4>\n<h4><\/h4>\n<h4><\/h4>\n<h4><\/h4>\n<h4>\u00c5rets indk\u00f8b i 2022<\/h4>\n<p>er udstillet i Galerie Edeling i Gammel M\u00f8nt 39, Kbh. K\u00a0fra 8. &#8211; 11.9.2022<\/p>\n<h4><\/h4>\n<h4><strong><img loading=\"lazy\" decoding=\"async\" class=\"alignleft wp-image-1976\" src=\"http:\/\/www.14aug.dk\/wp-content\/uploads\/2022\/09\/Plakat-A2-2022-2-212x300.jpg\" alt=\"\" width=\"231\" height=\"327\" srcset=\"https:\/\/www.14aug.dk\/wp-content\/uploads\/2022\/09\/Plakat-A2-2022-2-212x300.jpg 212w, https:\/\/www.14aug.dk\/wp-content\/uploads\/2022\/09\/Plakat-A2-2022-2-724x1024.jpg 724w, https:\/\/www.14aug.dk\/wp-content\/uploads\/2022\/09\/Plakat-A2-2022-2-768x1086.jpg 768w, https:\/\/www.14aug.dk\/wp-content\/uploads\/2022\/09\/Plakat-A2-2022-2-1087x1536.jpg 1087w, https:\/\/www.14aug.dk\/wp-content\/uploads\/2022\/09\/Plakat-A2-2022-2-1449x2048.jpg 1449w, https:\/\/www.14aug.dk\/wp-content\/uploads\/2022\/09\/Plakat-A2-2022-2-scaled.jpg 1811w\" sizes=\"(max-width: 231px) 100vw, 231px\" \/><\/strong><\/h4>\n<h4><\/h4>\n<h4><\/h4>\n<table style=\"height: 1156px;\" width=\"800\">\n<tbody>\n<tr>\n<td width=\"38\"><\/td>\n<td width=\"54\">V\u00c6RKFORTEGNELSE 2021-22<\/td>\n<td width=\"6\"><\/td>\n<td width=\"217\"><\/td>\n<td width=\"443\">\n<table>\n<tbody>\n<tr>\n<td width=\"443\"><\/td>\n<\/tr>\n<\/tbody>\n<\/table>\n<\/td>\n<\/tr>\n<tr>\n<td width=\"38\"><\/td>\n<td width=\"54\">Nr.<\/td>\n<td width=\"6\"><\/td>\n<td width=\"217\">Kunstner<\/td>\n<td width=\"443\">Titel<\/td>\n<\/tr>\n<tr>\n<td width=\"38\"><\/td>\n<td width=\"54\"><\/td>\n<td width=\"6\"><\/td>\n<td width=\"217\"><\/td>\n<td width=\"443\"><\/td>\n<\/tr>\n<tr>\n<td width=\"38\"><\/td>\n<td width=\"54\">1<\/td>\n<td><\/td>\n<td width=\"217\">Lene B\u00f8dker<\/td>\n<td width=\"443\">Glas v\u00e6rk titel &#8220;Resting&#8221;<\/td>\n<\/tr>\n<tr>\n<td><\/td>\n<td>2<\/td>\n<td><\/td>\n<td width=\"217\">Charlotte Thorup<\/td>\n<td width=\"443\">Arkitektonisk v\u00e6rk<\/td>\n<\/tr>\n<tr>\n<td width=\"38\"><\/td>\n<td width=\"54\">3<\/td>\n<td><\/td>\n<td>Tronhjem og R\u00f8mer<\/td>\n<td width=\"443\">Lysinstallation<\/td>\n<\/tr>\n<tr>\n<td><\/td>\n<td>4<\/td>\n<td><\/td>\n<td width=\"217\">Pipaluke Lake<\/td>\n<td width=\"443\">Fad Flow<\/td>\n<\/tr>\n<tr>\n<td><\/td>\n<td width=\"54\">5<\/td>\n<td><\/td>\n<td width=\"217\">Anne Fl\u00f8che<\/td>\n<td width=\"443\">Keramisk tavle<\/td>\n<\/tr>\n<tr>\n<td><\/td>\n<td>6<\/td>\n<td><\/td>\n<td width=\"217\">Thorkild Th\u00f8gersen<\/td>\n<td width=\"443\">Ear hooks,fine silver &#8220;Shanty Town Special&#8221; 2022<\/td>\n<\/tr>\n<tr>\n<td><\/td>\n<td width=\"54\">7<\/td>\n<td><\/td>\n<td width=\"217\">Dorte Krogh<\/td>\n<td width=\"443\">Portr\u00e6tfotografering<\/td>\n<\/tr>\n<tr>\n<td><\/td>\n<td>8<\/td>\n<td><\/td>\n<td>Lars Hedegaard<\/td>\n<td width=\"443\">Indbundet v\u00e6rk &#8220;Keramikens Sprog&#8221; af Peder Rasmussen<\/td>\n<\/tr>\n<tr>\n<td><\/td>\n<td width=\"54\">9<\/td>\n<td><\/td>\n<td width=\"217\">S\u00f8ren Ulrik Petersen-Louis Madelung Petersen<\/td>\n<td width=\"443\">\u201dWoodstok\u201d. Stok i stukket tr\u00e6<\/td>\n<\/tr>\n<tr>\n<td><\/td>\n<td>10<\/td>\n<td><\/td>\n<td width=\"217\">Pernille J\u00f8ker Johnsen<\/td>\n<td width=\"443\">JoJoh Taske Square nr. 10<\/td>\n<\/tr>\n<tr>\n<td><\/td>\n<td width=\"54\">11<\/td>\n<td><\/td>\n<td width=\"217\">Bente Hansen<\/td>\n<td width=\"443\">Piedestal vase\u00a0 af keramik<\/td>\n<\/tr>\n<tr>\n<td><\/td>\n<td>12<\/td>\n<td><\/td>\n<td width=\"217\">Helle Rittig<\/td>\n<td width=\"443\">Plantekumme<\/td>\n<\/tr>\n<tr>\n<td><\/td>\n<td width=\"54\">13<\/td>\n<td width=\"6\"><\/td>\n<td width=\"217\">Pernille Mouritzen<\/td>\n<td width=\"443\">&#8220;City Scape&#8221; ring i \u00e6gte ziakon og lille brilliant<\/td>\n<\/tr>\n<tr>\n<td><\/td>\n<td>14<\/td>\n<td><\/td>\n<td width=\"217\">Morten L\u00f8bner Espersen<\/td>\n<td width=\"443\">Magic Mushrom, 2022 &#8211; Stent\u00f8j Unique<\/td>\n<\/tr>\n<tr>\n<td><\/td>\n<td width=\"54\">15<\/td>\n<td><\/td>\n<td width=\"217\">Puk La Cour<\/td>\n<td width=\"443\">Skjorte i trykt bomuld.<\/td>\n<\/tr>\n<tr>\n<td><\/td>\n<td>16<\/td>\n<td><\/td>\n<td width=\"217\">Helle Rittig<\/td>\n<td width=\"443\">4 keramiske fade<\/td>\n<\/tr>\n<tr>\n<td width=\"38\"><\/td>\n<td width=\"54\">17<\/td>\n<td><\/td>\n<td width=\"217\">Petrucha Sehested<\/td>\n<td>Br\u00f8dkurv m.hjul.Cedertr\u00e6, h\u00e6klet papirgarn og bobiner<\/td>\n<\/tr>\n<tr>\n<td width=\"38\"><\/td>\n<td>18<\/td>\n<td><\/td>\n<td width=\"217\">Petrucha Sehested<\/td>\n<td>Br\u00f8dkurv, sk\u00e6rebr\u00e6t\/serveringsbr\u00e6t. Ask og peddigr\u00f8r<\/td>\n<\/tr>\n<tr>\n<td width=\"38\"><\/td>\n<td width=\"54\">19<\/td>\n<td><\/td>\n<td width=\"217\">Helle Rittig<\/td>\n<td width=\"443\">Kande lille og stor<\/td>\n<\/tr>\n<tr>\n<td width=\"38\"><\/td>\n<td>20<\/td>\n<td><\/td>\n<td width=\"217\">Nyholm\/ Cantrell glas<\/td>\n<td width=\"443\">Glas karaffel Farve 1<\/td>\n<\/tr>\n<tr>\n<td width=\"38\"><\/td>\n<td width=\"54\">21<\/td>\n<td><\/td>\n<td width=\"217\">Nyholm\/ Cantrell glas<\/td>\n<td width=\"443\">Glas karaffel Farve 2<\/td>\n<\/tr>\n<tr>\n<td width=\"38\"><\/td>\n<td>22<\/td>\n<td width=\"6\"><\/td>\n<td width=\"217\">Nyholm\/ Cantrell glas<\/td>\n<td width=\"443\">Glas karaffel Farve 3<\/td>\n<\/tr>\n<tr>\n<td width=\"38\"><\/td>\n<td width=\"54\">23<\/td>\n<td width=\"6\"><\/td>\n<td width=\"217\">Bettina Bakdal<\/td>\n<td width=\"443\">1 stk. Patchwork Cotton T-shirts<\/td>\n<\/tr>\n<tr>\n<td width=\"38\"><\/td>\n<td>24<\/td>\n<td width=\"6\"><\/td>\n<td width=\"217\">Bettina Bakdal<\/td>\n<td width=\"443\">1 stk. Patchwork Cotton T-shirts<\/td>\n<\/tr>\n<tr>\n<td width=\"38\"><\/td>\n<td width=\"54\">25<\/td>\n<td width=\"6\"><\/td>\n<td width=\"217\">Katrine H\u00f8jberg<\/td>\n<td width=\"443\">2 silket\u00f8rkl\u00e6der mrk.1<\/td>\n<\/tr>\n<tr>\n<td width=\"38\"><\/td>\n<td>26<\/td>\n<td width=\"6\"><\/td>\n<td width=\"217\">Katrine H\u00f8jberg<\/td>\n<td width=\"443\">2 silket\u00f8rkl\u00e6der mrk.2<\/td>\n<\/tr>\n<tr>\n<td width=\"38\"><\/td>\n<td width=\"54\">27<\/td>\n<td width=\"6\"><\/td>\n<td width=\"217\">Hanne Backhaus<\/td>\n<td width=\"443\">T\u00f8rkl\u00e6de i silke<\/td>\n<\/tr>\n<tr>\n<td width=\"38\"><\/td>\n<td width=\"54\">28<\/td>\n<td width=\"6\"><\/td>\n<td width=\"217\">Erling Andersen (Cykelsmed)<\/td>\n<td width=\"443\">H\u00e5ndbygget &#8220;Christiania&#8221; cykel model Michael Petersen. Originale dele, kobberbelagt stel m. h\u00e5ndbankede messingsk\u00e6rme, originale d\u00e6k og Nokia slanger. Donationsgevinst fra sk\u00e6nket af Anette Hartung, der vandt cyklen i 1995.<\/td>\n<\/tr>\n<tr>\n<td width=\"38\"><\/td>\n<td width=\"54\"><\/td>\n<td width=\"6\"><\/td>\n<td colspan=\"2\">Udtr\u00e6kning af gevinsterne er prioriteret efter v\u00e6rkets v\u00e6rdi, s\u00e5ledes at 1.pr\u00e6mien har den h\u00f8jeste v\u00e6rdi o.s.v.\u00a0\u00a0 .<\/td>\n<\/tr>\n<\/tbody>\n<\/table>\n<h4><\/h4>\n<h4><\/h4>\n<h4><\/h4>\n<h4><\/h4>\n<h4><\/h4>\n<h4><\/h4>\n<h4><\/h4>\n<h4><\/h4>\n<h4><strong>Udstilling af \u00e5rets indk\u00f8b 2019\u00a0<\/strong><\/h4>\n<p>Udstillingen og \u00e5bningsarrangementet skete i \u00e5r hos A. Petersen p\u00e5 Kl\u00f8vermarksvej 70.<\/p>\n<div id=\"attachment_1755\" style=\"width: 310px\" class=\"wp-caption alignleft\"><img loading=\"lazy\" decoding=\"async\" aria-describedby=\"caption-attachment-1755\" class=\"wp-image-1755 size-medium\" src=\"http:\/\/www.14aug.dk\/wp-content\/uploads\/2019\/08\/Rasmus-Fenhann-2-300x223.jpg\" alt=\"\" width=\"300\" height=\"223\" srcset=\"https:\/\/www.14aug.dk\/wp-content\/uploads\/2019\/08\/Rasmus-Fenhann-2-300x223.jpg 300w, https:\/\/www.14aug.dk\/wp-content\/uploads\/2019\/08\/Rasmus-Fenhann-2.jpg 573w\" sizes=\"(max-width: 300px) 100vw, 300px\" \/><p id=\"caption-attachment-1755\" class=\"wp-caption-text\">Rasmus Fenhann: Japansk \u00c6ske &#8220;Sashimono&#8221;<\/p><\/div>\n<p>I \u00e5r er der indk\u00f8bt v\u00e6rker af f\u00f8lgende kunstnere:<br \/>\n<strong>Keramik:<\/strong> Karen Bennicke, Claydies,\u00a0Louise Sidelmann,\u00a0Ane-Katrine von B\u00fclow, Bente Hansen, Metha Stuart Wallace<br \/>\n<strong>Glas:<\/strong>\u00a0Trine Drivsholm, Anders Raad<br \/>\n<strong>Smykker:<\/strong>\u00a0Marie Rimmen, Karen Fly, Michala Eken<br \/>\n<strong>H\u00e5ndindbundet bogv\u00e6rk:<\/strong>\u00a0Hanna Munch Christensen<br \/>\n<strong>Tekstil:<\/strong>\u00a0Grethe Wittrock, Maria-Louise Grau, Helle Kj\u00e6r<br \/>\n<strong>Tr\u00e6arbejde:<\/strong>\u00a0Rasmus Fenhann, Pernille Snedker Hansen, udsmykket taburet designet af Takasi Okamura og Erik Marquardsen.<\/p>\n<div id=\"attachment_1750\" style=\"width: 235px\" class=\"wp-caption alignleft\"><img loading=\"lazy\" decoding=\"async\" aria-describedby=\"caption-attachment-1750\" class=\"wp-image-1750 size-medium\" src=\"http:\/\/www.14aug.dk\/wp-content\/uploads\/2019\/08\/IMG_5518-Copy-225x300.jpg\" alt=\"\" width=\"225\" height=\"300\" srcset=\"https:\/\/www.14aug.dk\/wp-content\/uploads\/2019\/08\/IMG_5518-Copy-225x300.jpg 225w, https:\/\/www.14aug.dk\/wp-content\/uploads\/2019\/08\/IMG_5518-Copy.jpg 768w\" sizes=\"(max-width: 225px) 100vw, 225px\" \/><p id=\"caption-attachment-1750\" class=\"wp-caption-text\">Trine Drivsholm: &#8220;Botanic Structure&#8221;<\/p><\/div>\n","protected":false},"excerpt":{"rendered":"<p>\u00c5rets indk\u00f8b i 2022 er udstillet i Galerie Edeling i Gammel M\u00f8nt 39, Kbh. K\u00a0fra 8. &#8211; 11.9.2022 V\u00c6RKFORTEGNELSE 2021-22 Nr. Kunstner Titel 1 Lene B\u00f8dker Glas v\u00e6rk titel &#8220;Resting&#8221; 2 Charlotte Thorup Arkitektonisk v\u00e6rk 3 Tronhjem og R\u00f8mer Lysinstallation 4 Pipaluke Lake Fad Flow 5 Anne Fl\u00f8che Keramisk tavle 6 Thorkild Th\u00f8gersen Ear hooks,fine <a class=\"read-more\" href=\"https:\/\/www.14aug.dk\/?page_id=8\">[&#8230;]<\/a><\/p>\n","protected":false},"author":1,"featured_media":1568,"parent":10,"menu_order":0,"comment_status":"closed","ping_status":"closed","template":"","meta":{"footnotes":""},"_links":{"self":[{"href":"https:\/\/www.14aug.dk\/index.php?rest_route=\/wp\/v2\/pages\/8"}],"collection":[{"href":"https:\/\/www.14aug.dk\/index.php?rest_route=\/wp\/v2\/pages"}],"about":[{"href":"https:\/\/www.14aug.dk\/index.php?rest_route=\/wp\/v2\/types\/page"}],"author":[{"embeddable":true,"href":"https:\/\/www.14aug.dk\/index.php?rest_route=\/wp\/v2\/users\/1"}],"replies":[{"embeddable":true,"href":"https:\/\/www.14aug.dk\/index.php?rest_route=%2Fwp%2Fv2%2Fcomments&post=8"}],"version-history":[{"count":69,"href":"https:\/\/www.14aug.dk\/index.php?rest_route=\/wp\/v2\/pages\/8\/revisions"}],"predecessor-version":[{"id":1990,"href":"https:\/\/www.14aug.dk\/index.php?rest_route=\/wp\/v2\/pages\/8\/revisions\/1990"}],"up":[{"embeddable":true,"href":"https:\/\/www.14aug.dk\/index.php?rest_route=\/wp\/v2\/pages\/10"}],"wp:featuredmedia":[{"embeddable":true,"href":"https:\/\/www.14aug.dk\/index.php?rest_route=\/wp\/v2\/media\/1568"}],"wp:attachment":[{"href":"https:\/\/www.14aug.dk\/index.php?rest_route=%2Fwp%2Fv2%2Fmedia&parent=8"}],"curies":[{"name":"wp","href":"https:\/\/api.w.org\/{rel}","templated":true}]}}