{"id":64,"date":"2014-04-15T15:30:33","date_gmt":"2014-04-15T15:30:33","guid":{"rendered":"http:\/\/14aug.dk\/?page_id=64"},"modified":"2025-08-22T13:42:46","modified_gmt":"2025-08-22T13:42:46","slug":"64-2","status":"publish","type":"page","link":"https:\/\/www.14aug.dk\/","title":{"rendered":""},"content":{"rendered":"<p><a href=\"http:\/\/www.14aug.dk\/wp-content\/uploads\/2014\/04\/LOGO_14augustMaj16_Rentegning.jpg\" rel=\"attachment wp-att-1430\"><img loading=\"lazy\" decoding=\"async\" class=\"wp-image-1430 aligncenter\" src=\"http:\/\/www.14aug.dk\/wp-content\/uploads\/2014\/04\/LOGO_14augustMaj16_Rentegning-300x96.jpg\" alt=\"LOGO_14augustMaj16_Rentegning\" width=\"341\" height=\"109\" srcset=\"https:\/\/www.14aug.dk\/wp-content\/uploads\/2014\/04\/LOGO_14augustMaj16_Rentegning-300x96.jpg 300w, https:\/\/www.14aug.dk\/wp-content\/uploads\/2014\/04\/LOGO_14augustMaj16_Rentegning-768x247.jpg 768w, https:\/\/www.14aug.dk\/wp-content\/uploads\/2014\/04\/LOGO_14augustMaj16_Rentegning-1024x329.jpg 1024w\" sizes=\"(max-width: 341px) 100vw, 341px\" \/><\/a><\/p>\n<p>&nbsp;<\/p>\n<p><strong>VIGTIG INFORMATION\u00a0<\/strong><\/p>\n<p>Bestyrelsen for 14. August \u2013 Foreningen for Kunsth\u00e5ndv\u00e6rk og Design har med pr\u00e6sidiets tiltr\u00e6den besluttet at nedl\u00e6gge foreningen, mens legen er god.\u00a0 \u00a0 \u00a0 \u00a0 \u00a0 \u00a0 \u00a0 \u00a0 \u00a0 \u00a0 \u00a0 \u00a0 \u00a0 \u00a0 \u00a0 \u00a0 \u00a0 \u00a0 \u00a0 \u00a0 \u00a0 \u00a0 \u00a0 \u00a0 \u00a0 \u00a0 \u00a0 \u00a0 \u00a0 \u00a0 \u00a0 \u00a0 \u00a0 \u00a0 \u00a0 \u00a0 \u00a0 \u00a0 \u00a0 Foreningens sidste arrangement bliver 60 \u00e5rs jubil\u00e6umsfesten p\u00e5 Gammel Dok torsdag den 4.august 2025.<br \/>\nDer er lagt og offentliggjort et solidt og omfattende program for resten af medlems\u00e5ret 2024\/2025, og dette program afvikles som planlagt. Turen til Bornholm i slutningen af maj er udsolgt med 30 deltagere, og programmet i hovedtr\u00e6k for turen, vil blive fremsendt til de tilmeldte sidst i marts \/ f\u00f8rst i april.<br \/>\nMedlemmerne vil som s\u00e6dvanlig f\u00e5 en invitation for hvert enkelt af de kommende arrangementer.<br \/>\nHvorfor har vi valgt at stoppe &#8211; det er der mange \u00e5rsager til! Vi er stolte af foreningen, og stolte over at den har levet og overlevet flot i 60 \u00e5r, med hovedform\u00e5let, st\u00f8tte til kunsth\u00e5ndv\u00e6rket og kunsth\u00e5ndv\u00e6rkerne.<br \/>\nVores medlemsskare er svundet de sidste 12- 15 \u00e5r. De gennem lang tid trofaste medlemmer er blevet \u00e6ldre, og mange af de yngre har 1000 andre g\u00f8rem\u00e5l. Vi m\u00e5 konstatere, at vi er ramt af de samme rekrutteringsproblemer som andre foreninger har haft og har. Vi f\u00e5r n\u00e6sten ingen nye yngre medlemmer og slet ikke nye yngre medlemmer, der har overskud til at tr\u00e6de ind i bestyrelsen.<br \/>\n<strong>\u00a0 \u00a0 \u00a0 \u00a0 \u00a0 \u00a0 \u00a0 \u00a0 \u00a0 \u00a0 \u00a0 \u00a0 \u00a0 \u00a0 \u00a0 \u00a0 \u00a0 \u00a0 \u00a0 \u00a0 \u00a0 \u00a0 \u00a0 \u00a0 \u00a0 \u00a0 \u00a0 \u00a0 \u00a0 \u00a0 \u00a0 \u00a0 \u00a0 \u00a0 \u00a0 \u00a0 \u00a0 \u00a0 \u00a0 \u00a0 \u00a0 \u00a0 \u00a0 \u00a0 \u00a0 \u00a0 \u00a0 \u00a0 \u00a0 \u00a0 \u00a0 \u00a0 \u00a0 \u00a0 \u00a0 \u00a0 \u00a0 \u00a0 \u00a0 \u00a0 \u00a0 \u00a0 \u00a0 \u00a0 \u00a0 \u00a0 \u00a0 \u00a0 \u00a0 \u00a0 \u00a0 \u00a0 \u00a0 \u00a0 \u00a0 \u00a0 \u00a0 \u00a0 \u00a0 \u00a0 \u00a0 Ole Larsen<\/strong> n\u00e6rmer sig de 80 \u00e5r, og Ole stopper! Ole Larsen kan efter bestyrelsens vurdering ikke erstattes. Vi har de seneste par \u00e5r s\u00f8gt andre l\u00f8sninger, men Ole Larsens unikke kendskab til foreningen, dens medlemmer, kunsth\u00e5ndv\u00e6rkerne, og hans venlige joviale m\u00e5de at m\u00f8de alle p\u00e5 kan ikke erstattes<em>. <\/em>I mere end 40 \u00e5r har Ole v\u00e6ret en helt central person som sekret\u00e6r og administrator, en meget tryg periode for os andre.<br \/>\nBestyrelsens \u00f8vrige medlemmer har ogs\u00e5 kigget p\u00e5 d\u00e5bsattesten &#8211; alle, undtagen en, er midt i 70\u2019erne og kan n\u00e6ppe leve op til ungdommens \u00f8nsker for kunst, kunsth\u00e5ndv\u00e6rk, udstillinger, arrangementer, sociale medier mmm. Vi har erkendt vores begr\u00e6nsninger.<br \/>\nBestyrelsen ser, efter lange overvejelser og med bl\u00f8dende hjerte, ikke en fremtid for foreningen. Den har haft sin tid, 60 gode \u00e5r, og vi foretr\u00e6kker at lukke med maner, og det g\u00f8r vi med festen p\u00e5 foreningens 60-\u00e5rs f\u00f8dselsdag, den 14. august 2025.<br \/>\nMed de varmeste hilsener, p\u00e5 pr\u00e6sidiet og bestyrelsens vegne<br \/>\n<strong>\u00a0 \u00a0 \u00a0 \u00a0 \u00a0 \u00a0 \u00a0 \u00a0 \u00a0 \u00a0 \u00a0 \u00a0 \u00a0 \u00a0 \u00a0 \u00a0 \u00a0 \u00a0 \u00a0 \u00a0 \u00a0 \u00a0 \u00a0 \u00a0 \u00a0 \u00a0 \u00a0 \u00a0 \u00a0 \u00a0 \u00a0 \u00a0 \u00a0 \u00a0 \u00a0 \u00a0 \u00a0 \u00a0 \u00a0 \u00a0 \u00a0 \u00a0 \u00a0 \u00a0 \u00a0 \u00a0 \u00a0 \u00a0 \u00a0 \u00a0 \u00a0 \u00a0 \u00a0 \u00a0 \u00a0 \u00a0 \u00a0 \u00a0 \u00a0 \u00a0 \u00a0 \u00a0 \u00a0 \u00a0 \u00a0 \u00a0 \u00a0 \u00a0 \u00a0 \u00a0 \u00a0 \u00a0 \u00a0 \u00a0 \u00a0 \u00a0 \u00a0 \u00a0 \u00a0 \u00a0 \u00a0 Mana Torne\u00a0 \u00a0 \u00a0 \u00a0 \u00a0 \u00a0 \u00a0 \u00a0 \u00a0 \u00a0 \u00a0 \u00a0 \u00a0 \u00a0 \u00a0 \u00a0<\/strong><strong>Nina Linde<\/strong><br \/>\nFormand for bestyrelsen\u00a0 \u00a0 \u00a0 \u00a0 \u00a0 \u00a0 \u00a0Formand for pr\u00e6sidiet<br \/>\n&nbsp;<\/p>\n<p>&nbsp;<\/p>\n","protected":false},"excerpt":{"rendered":"<p>&nbsp; VIGTIG INFORMATION\u00a0 Bestyrelsen for 14. August \u2013 Foreningen for Kunsth\u00e5ndv\u00e6rk og Design har med pr\u00e6sidiets tiltr\u00e6den besluttet at nedl\u00e6gge foreningen, mens legen er god.\u00a0 \u00a0 \u00a0 \u00a0 \u00a0 \u00a0 \u00a0 \u00a0 \u00a0 \u00a0 \u00a0 \u00a0 \u00a0 \u00a0 \u00a0 \u00a0 \u00a0 \u00a0 \u00a0 \u00a0 \u00a0 \u00a0 \u00a0 \u00a0 \u00a0 \u00a0 \u00a0 \u00a0 \u00a0 \u00a0 \u00a0 <a class=\"read-more\" href=\"https:\/\/www.14aug.dk\/\">[&#8230;]<\/a><\/p>\n","protected":false},"author":1,"featured_media":0,"parent":0,"menu_order":0,"comment_status":"closed","ping_status":"closed","template":"","meta":{"footnotes":""},"_links":{"self":[{"href":"https:\/\/www.14aug.dk\/index.php?rest_route=\/wp\/v2\/pages\/64"}],"collection":[{"href":"https:\/\/www.14aug.dk\/index.php?rest_route=\/wp\/v2\/pages"}],"about":[{"href":"https:\/\/www.14aug.dk\/index.php?rest_route=\/wp\/v2\/types\/page"}],"author":[{"embeddable":true,"href":"https:\/\/www.14aug.dk\/index.php?rest_route=\/wp\/v2\/users\/1"}],"replies":[{"embeddable":true,"href":"https:\/\/www.14aug.dk\/index.php?rest_route=%2Fwp%2Fv2%2Fcomments&post=64"}],"version-history":[{"count":111,"href":"https:\/\/www.14aug.dk\/index.php?rest_route=\/wp\/v2\/pages\/64\/revisions"}],"predecessor-version":[{"id":1999,"href":"https:\/\/www.14aug.dk\/index.php?rest_route=\/wp\/v2\/pages\/64\/revisions\/1999"}],"wp:attachment":[{"href":"https:\/\/www.14aug.dk\/index.php?rest_route=%2Fwp%2Fv2%2Fmedia&parent=64"}],"curies":[{"name":"wp","href":"https:\/\/api.w.org\/{rel}","templated":true}]}}