{"id":6,"date":"2014-04-08T17:52:01","date_gmt":"2014-04-08T17:52:01","guid":{"rendered":"http:\/\/14aug.dk\/?page_id=6"},"modified":"2021-07-02T13:01:48","modified_gmt":"2021-07-02T13:01:48","slug":"indkob","status":"publish","type":"page","link":"https:\/\/www.14aug.dk\/?page_id=6","title":{"rendered":"Indk\u00f8b"},"content":{"rendered":"<p>\u00c5rets indk\u00f8b til udlodning har siden oprettelsen i 1965 afviklet udstillingerne p\u00e5 Kunstindustrimuseet i Bredgade. I 2017 har de indk\u00f8bte arbejder v\u00e6ret vist hos udstillings-og designvirksomheden A. Petersen, Kl\u00f8vermarksvej 70, 2300 K\u00f8benhavn S.<\/p>\n<p><img loading=\"lazy\" decoding=\"async\" class=\"alignleft size-medium wp-image-1676\" src=\"http:\/\/www.14aug.dk\/wp-content\/uploads\/2014\/04\/IMG_2443-300x225.jpg\" alt=\"IMG_2443\" width=\"300\" height=\"225\" srcset=\"https:\/\/www.14aug.dk\/wp-content\/uploads\/2014\/04\/IMG_2443-300x225.jpg 300w, https:\/\/www.14aug.dk\/wp-content\/uploads\/2014\/04\/IMG_2443-768x576.jpg 768w, https:\/\/www.14aug.dk\/wp-content\/uploads\/2014\/04\/IMG_2443-1024x768.jpg 1024w\" sizes=\"(max-width: 300px) 100vw, 300px\" \/><\/p>\n<p>De indk\u00f8bte arbejder ud loddes til medlemmer der derigennem <span style=\"line-height: 1.5em;\">st\u00f8tter kunsth\u00e5ndv\u00e6rket og kunstnerne. <\/span>Medlemskontingentet g\u00e5r derfor n\u00e6sten ubesk\u00e5ret til indk\u00f8b, og afh\u00e6ngig af medlemsantallet indk\u00f8bes der hvert \u00e5r mellem 20-30 v\u00e6rker til udlodning. Udlodningen sker ved lodtr\u00e6kning, der foretages af Notarius Publicus (Notarialkontoret under K\u00f8benhavns Byret).<\/p>\n<p>Indk\u00f8bene foretages af et indk\u00f8bsudvalg, der er valgt af bestyrelsen. Der indk\u00f8bes af s\u00e5vel kendte kunstnere som unge nyuddannede kunsth\u00e5ndv\u00e6rkere og udover de kendte discipliner som keramik og glas indk\u00f8bes ogs\u00e5 smykker, tekstile arbejder, unika h\u00e5ndbogbinder arbejder, l\u00e6derarbejder, kurveflet m.m. samt andre v\u00e6rker, der efter indk\u00f8bsudvalgets mening falder ind under begrebet Kunsth\u00e5ndv\u00e6rk og Design. I disse \u00e5r flytter gr\u00e6nserne mellem det udpr\u00e6gede kunsth\u00e5ndv\u00e6rk og design sig mod v\u00e6rker der er fri kunst. Udvalget f\u00f8lger denne udvikling og vurderer i hvert enkelt tilf\u00e6lde om det fortsat falder ind under det oprindelige udv\u00e6lgelseskriterium. Det overordnede kriterium er, at de enkelte arbejder skal v\u00e6re unikaarbejder og besidde en h\u00f8j kunstnerisk kvalitet.<\/p>\n<p>Eksempler p\u00e5 indk\u00f8b<\/p>\n<div id=\"attachment_132\" style=\"width: 310px\" class=\"wp-caption alignleft\"><a href=\"http:\/\/14aug.dk\/wp-content\/uploads\/2014\/05\/NDC-Dorte-Krogh-008.jpg\"><img loading=\"lazy\" decoding=\"async\" aria-describedby=\"caption-attachment-132\" class=\"wp-image-132 size-medium\" src=\"http:\/\/14aug.dk\/wp-content\/uploads\/2014\/05\/NDC-Dorte-Krogh-008-300x300.jpg\" alt=\"Steen Ipsen \" width=\"300\" height=\"300\" srcset=\"https:\/\/www.14aug.dk\/wp-content\/uploads\/2014\/05\/NDC-Dorte-Krogh-008-300x300.jpg 300w, https:\/\/www.14aug.dk\/wp-content\/uploads\/2014\/05\/NDC-Dorte-Krogh-008-150x150.jpg 150w, https:\/\/www.14aug.dk\/wp-content\/uploads\/2014\/05\/NDC-Dorte-Krogh-008-1024x1024.jpg 1024w, https:\/\/www.14aug.dk\/wp-content\/uploads\/2014\/05\/NDC-Dorte-Krogh-008.jpg 1417w\" sizes=\"(max-width: 300px) 100vw, 300px\" \/><\/a><p id=\"caption-attachment-132\" class=\"wp-caption-text\">Steen Ipsen<\/p><\/div>\n<p><div id=\"attachment_203\" style=\"width: 144px\" class=\"wp-caption alignleft\"><a href=\"http:\/\/14aug.dk\/wp-content\/uploads\/2014\/05\/111.jpg\"><img loading=\"lazy\" decoding=\"async\" aria-describedby=\"caption-attachment-203\" class=\"wp-image-203 size-full\" src=\"http:\/\/14aug.dk\/wp-content\/uploads\/2014\/05\/111.jpg\" alt=\"11[1]\" width=\"134\" height=\"183\" \/><\/a><p id=\"caption-attachment-203\" class=\"wp-caption-text\">Cecilie Manz<\/p><\/div><br \/>\n<div id=\"attachment_391\" style=\"width: 310px\" class=\"wp-caption alignleft\"><a href=\"http:\/\/14aug.dk\/wp-content\/uploads\/2014\/05\/mette-a-41.jpg\"><img loading=\"lazy\" decoding=\"async\" aria-describedby=\"caption-attachment-391\" class=\"wp-image-391 size-medium\" src=\"http:\/\/14aug.dk\/wp-content\/uploads\/2014\/05\/mette-a-41-300x300.jpg\" alt=\"mette-a-4[1]\" width=\"300\" height=\"300\" srcset=\"https:\/\/www.14aug.dk\/wp-content\/uploads\/2014\/05\/mette-a-41-300x300.jpg 300w, https:\/\/www.14aug.dk\/wp-content\/uploads\/2014\/05\/mette-a-41-150x150.jpg 150w, https:\/\/www.14aug.dk\/wp-content\/uploads\/2014\/05\/mette-a-41.jpg 500w\" sizes=\"(max-width: 300px) 100vw, 300px\" \/><\/a><p id=\"caption-attachment-391\" class=\"wp-caption-text\">Mette Augustinus Poulsen<\/p><\/div><\/p>\n<div id=\"attachment_422\" style=\"width: 310px\" class=\"wp-caption alignleft\"><a href=\"http:\/\/14aug.dk\/wp-content\/uploads\/2014\/04\/1-pet.jpg\"><img loading=\"lazy\" decoding=\"async\" aria-describedby=\"caption-attachment-422\" class=\"wp-image-422\" src=\"http:\/\/14aug.dk\/wp-content\/uploads\/2014\/04\/1-pet.jpg\" alt=\"1-pet\" width=\"300\" height=\"594\" \/><\/a><p id=\"caption-attachment-422\" class=\"wp-caption-text\">Stig Persson<\/p><\/div>\n<div id=\"attachment_643\" style=\"width: 310px\" class=\"wp-caption alignleft\"><a href=\"http:\/\/14aug.dk\/wp-content\/uploads\/2014\/04\/Curious_Object_-Olive_-5-Karin-Morch-Bentzen.jpg\"><img loading=\"lazy\" decoding=\"async\" aria-describedby=\"caption-attachment-643\" class=\"wp-image-643 size-medium\" src=\"http:\/\/14aug.dk\/wp-content\/uploads\/2014\/04\/Curious_Object_-Olive_-5-Karin-Morch-Bentzen-1024x635.jpg\" alt=\"Karin M\u00f8rch-Bentzen\" width=\"300\" height=\"185\" srcset=\"https:\/\/www.14aug.dk\/wp-content\/uploads\/2014\/04\/Curious_Object_-Olive_-5-Karin-Morch-Bentzen-1024x635.jpg 1024w, https:\/\/www.14aug.dk\/wp-content\/uploads\/2014\/04\/Curious_Object_-Olive_-5-Karin-Morch-Bentzen-300x186.jpg 300w, https:\/\/www.14aug.dk\/wp-content\/uploads\/2014\/04\/Curious_Object_-Olive_-5-Karin-Morch-Bentzen-768x476.jpg 768w, https:\/\/www.14aug.dk\/wp-content\/uploads\/2014\/04\/Curious_Object_-Olive_-5-Karin-Morch-Bentzen-1536x952.jpg 1536w, https:\/\/www.14aug.dk\/wp-content\/uploads\/2014\/04\/Curious_Object_-Olive_-5-Karin-Morch-Bentzen-2048x1270.jpg 2048w\" sizes=\"(max-width: 300px) 100vw, 300px\" \/><\/a><p id=\"caption-attachment-643\" class=\"wp-caption-text\">Karin M\u00f8rch-Bentzen<\/p><\/div>\n<div id=\"attachment_127\" style=\"width: 234px\" class=\"wp-caption alignleft\"><a href=\"http:\/\/14aug.dk\/wp-content\/uploads\/2014\/05\/valnodknold-2.jpg\"><img loading=\"lazy\" decoding=\"async\" aria-describedby=\"caption-attachment-127\" class=\"wp-image-127 size-medium\" src=\"http:\/\/www.14aug.dk\/wp-content\/uploads\/2014\/05\/valnodknold-2-224x300.jpg\" alt=\"valn\u00f8dknold 2\" width=\"224\" height=\"300\" srcset=\"https:\/\/www.14aug.dk\/wp-content\/uploads\/2014\/05\/valnodknold-2-224x300.jpg 224w, https:\/\/www.14aug.dk\/wp-content\/uploads\/2014\/05\/valnodknold-2-763x1024.jpg 763w, https:\/\/www.14aug.dk\/wp-content\/uploads\/2014\/05\/valnodknold-2-768x1030.jpg 768w, https:\/\/www.14aug.dk\/wp-content\/uploads\/2014\/05\/valnodknold-2-1145x1536.jpg 1145w, https:\/\/www.14aug.dk\/wp-content\/uploads\/2014\/05\/valnodknold-2-1527x2048.jpg 1527w, https:\/\/www.14aug.dk\/wp-content\/uploads\/2014\/05\/valnodknold-2-scaled.jpg 1908w\" sizes=\"(max-width: 224px) 100vw, 224px\" \/><\/a><p id=\"caption-attachment-127\" class=\"wp-caption-text\">Turi Heisselberg Pedersen<\/p><\/div>\n<div id=\"attachment_206\" style=\"width: 145px\" class=\"wp-caption alignleft\"><a href=\"http:\/\/14aug.dk\/wp-content\/uploads\/2014\/05\/141.jpg\"><img loading=\"lazy\" decoding=\"async\" aria-describedby=\"caption-attachment-206\" class=\"wp-image-206 size-full\" src=\"http:\/\/14aug.dk\/wp-content\/uploads\/2014\/05\/141.jpg\" alt=\"14[1]\" width=\"135\" height=\"135\" \/><\/a><p id=\"caption-attachment-206\" class=\"wp-caption-text\">Malene M\u00fcllertz<\/p><\/div>\n<div id=\"attachment_423\" style=\"width: 146px\" class=\"wp-caption alignleft\"><a href=\"http:\/\/14aug.dk\/wp-content\/uploads\/2014\/04\/61.jpg\"><img loading=\"lazy\" decoding=\"async\" aria-describedby=\"caption-attachment-423\" class=\"wp-image-423 size-full\" src=\"http:\/\/14aug.dk\/wp-content\/uploads\/2014\/04\/61.jpg\" alt=\"6[1]\" width=\"136\" height=\"129\" \/><\/a><p id=\"caption-attachment-423\" class=\"wp-caption-text\">Lisbet Friis<\/p><\/div>\n<div id=\"attachment_644\" style=\"width: 650px\" class=\"wp-caption alignleft\"><a href=\"http:\/\/14aug.dk\/wp-content\/uploads\/2014\/04\/It-3-80x24x10cm-Trukne-ror-fusing-og-slumping.jpg\"><img loading=\"lazy\" decoding=\"async\" aria-describedby=\"caption-attachment-644\" class=\"wp-image-644 size-large\" src=\"http:\/\/14aug.dk\/wp-content\/uploads\/2014\/04\/It-3-80x24x10cm-Trukne-ror-fusing-og-slumping-150x150.jpg\" alt=\"Karen Lise Krabbe\" width=\"640\" height=\"427\" srcset=\"https:\/\/www.14aug.dk\/wp-content\/uploads\/2014\/04\/It-3-80x24x10cm-Trukne-ror-fusing-og-slumping-300x200.jpg 300w, https:\/\/www.14aug.dk\/wp-content\/uploads\/2014\/04\/It-3-80x24x10cm-Trukne-ror-fusing-og-slumping-1024x684.jpg 1024w, https:\/\/www.14aug.dk\/wp-content\/uploads\/2014\/04\/It-3-80x24x10cm-Trukne-ror-fusing-og-slumping-768x513.jpg 768w, https:\/\/www.14aug.dk\/wp-content\/uploads\/2014\/04\/It-3-80x24x10cm-Trukne-ror-fusing-og-slumping-1536x1026.jpg 1536w, https:\/\/www.14aug.dk\/wp-content\/uploads\/2014\/04\/It-3-80x24x10cm-Trukne-ror-fusing-og-slumping-2048x1368.jpg 2048w\" sizes=\"(max-width: 640px) 100vw, 640px\" \/><\/a><p id=\"caption-attachment-644\" class=\"wp-caption-text\">Karen Lise Krabbe<\/p><\/div>\n","protected":false},"excerpt":{"rendered":"<p>\u00c5rets indk\u00f8b til udlodning har siden oprettelsen i 1965 afviklet udstillingerne p\u00e5 Kunstindustrimuseet i Bredgade. I 2017 har de indk\u00f8bte arbejder v\u00e6ret vist hos udstillings-og designvirksomheden A. Petersen, Kl\u00f8vermarksvej 70, 2300 K\u00f8benhavn S. De indk\u00f8bte arbejder ud loddes til medlemmer der derigennem st\u00f8tter kunsth\u00e5ndv\u00e6rket og kunstnerne. Medlemskontingentet g\u00e5r derfor n\u00e6sten ubesk\u00e5ret til indk\u00f8b, og afh\u00e6ngig <a class=\"read-more\" href=\"https:\/\/www.14aug.dk\/?page_id=6\">[&#8230;]<\/a><\/p>\n","protected":false},"author":1,"featured_media":0,"parent":0,"menu_order":0,"comment_status":"closed","ping_status":"closed","template":"","meta":{"footnotes":""},"_links":{"self":[{"href":"https:\/\/www.14aug.dk\/index.php?rest_route=\/wp\/v2\/pages\/6"}],"collection":[{"href":"https:\/\/www.14aug.dk\/index.php?rest_route=\/wp\/v2\/pages"}],"about":[{"href":"https:\/\/www.14aug.dk\/index.php?rest_route=\/wp\/v2\/types\/page"}],"author":[{"embeddable":true,"href":"https:\/\/www.14aug.dk\/index.php?rest_route=\/wp\/v2\/users\/1"}],"replies":[{"embeddable":true,"href":"https:\/\/www.14aug.dk\/index.php?rest_route=%2Fwp%2Fv2%2Fcomments&post=6"}],"version-history":[{"count":61,"href":"https:\/\/www.14aug.dk\/index.php?rest_route=\/wp\/v2\/pages\/6\/revisions"}],"predecessor-version":[{"id":1913,"href":"https:\/\/www.14aug.dk\/index.php?rest_route=\/wp\/v2\/pages\/6\/revisions\/1913"}],"wp:attachment":[{"href":"https:\/\/www.14aug.dk\/index.php?rest_route=%2Fwp%2Fv2%2Fmedia&parent=6"}],"curies":[{"name":"wp","href":"https:\/\/api.w.org\/{rel}","templated":true}]}}