{"id":383,"date":"2014-05-29T08:00:06","date_gmt":"2014-05-29T08:00:06","guid":{"rendered":"http:\/\/14aug.dk\/?page_id=383"},"modified":"2021-07-02T13:21:18","modified_gmt":"2021-07-02T13:21:18","slug":"kunstforeningen-14-august-legatet","status":"publish","type":"page","link":"https:\/\/www.14aug.dk\/?page_id=383","title":{"rendered":"KUNSTFORENINGEN 14.AUGUST LEGATET"},"content":{"rendered":"<p class=\"entry-title\"><!-- .entry-header -->Efter lukningen af Den Permanente overtog Kunstforeningen af 14.august uddelingen af Christian Gauballes mindelegat indtil midlerne heri var opbrugt i 2000.<br \/>\nHerefter valgte foreningen at oprette et nyt legat, hvis midler skulle tilvejebringes&nbsp; fra fonds midler. Legatportionerne er p\u00e5 kr. 25.000.<\/p>\n<div class=\"entry-content\">\n<p><strong>Uddelingen i 2018<\/strong><br \/>\nI forbindelse med udstillings \u00e5bningen i 2018 blev v\u00e6ver Anne Mette Larsen tildelt legatet for projekt &#8220;Midtjyske T\u00e6pper<\/p>\n<div id=\"attachment_1765\" style=\"width: 211px\" class=\"wp-caption alignleft\"><img loading=\"lazy\" decoding=\"async\" aria-describedby=\"caption-attachment-1765\" class=\"wp-image-1765\" src=\"http:\/\/www.14aug.dk\/wp-content\/uploads\/2019\/08\/Anne_Mette_Larsen_Midtjyske_Taepper_01-257x300.jpg\" alt=\"\" width=\"201\" height=\"235\" srcset=\"https:\/\/www.14aug.dk\/wp-content\/uploads\/2019\/08\/Anne_Mette_Larsen_Midtjyske_Taepper_01-257x300.jpg 257w, https:\/\/www.14aug.dk\/wp-content\/uploads\/2019\/08\/Anne_Mette_Larsen_Midtjyske_Taepper_01-768x898.jpg 768w, https:\/\/www.14aug.dk\/wp-content\/uploads\/2019\/08\/Anne_Mette_Larsen_Midtjyske_Taepper_01.jpg 800w\" sizes=\"(max-width: 201px) 100vw, 201px\" \/><p id=\"caption-attachment-1765\" class=\"wp-caption-text\">2018 Anne Mette Larsen<\/p><\/div>\n<div id=\"attachment_1766\" style=\"width: 361px\" class=\"wp-caption alignleft\"><img loading=\"lazy\" decoding=\"async\" aria-describedby=\"caption-attachment-1766\" class=\"wp-image-1766\" src=\"http:\/\/www.14aug.dk\/wp-content\/uploads\/2019\/08\/K0A9882-kopi-300x198.jpg\" alt=\"\" width=\"351\" height=\"232\" srcset=\"https:\/\/www.14aug.dk\/wp-content\/uploads\/2019\/08\/K0A9882-kopi-300x198.jpg 300w, https:\/\/www.14aug.dk\/wp-content\/uploads\/2019\/08\/K0A9882-kopi-768x506.jpg 768w, https:\/\/www.14aug.dk\/wp-content\/uploads\/2019\/08\/K0A9882-kopi.jpg 1000w\" sizes=\"(max-width: 351px) 100vw, 351px\" \/><p id=\"caption-attachment-1766\" class=\"wp-caption-text\">2018 Midtjyske T\u00e6pper&nbsp; &nbsp; &nbsp; &nbsp; &nbsp; &nbsp; &nbsp; &nbsp; &nbsp; &nbsp; &nbsp; Foto: Ole Akh\u00f8j<\/p><\/div>\n<p>&nbsp;<\/p>\n<p>&nbsp;<\/p>\n<p>&nbsp;<\/p>\n<p>&nbsp;<\/p>\n<p>&nbsp;<\/p>\n<p>&nbsp;<\/p>\n<p>&nbsp;<\/p>\n<p><strong><span style=\"line-height: 1.5em;\">Legat uddelinger&nbsp;<\/span><\/strong><\/p>\n<p>&nbsp;<\/p>\n<\/div>\n<div class=\"entry-content\">\n<div id=\"attachment_1381\" style=\"width: 266px\" class=\"wp-caption alignnone\"><a href=\"http:\/\/www.14aug.dk\/wp-content\/uploads\/2014\/05\/rocksvisionII01.jpg\" rel=\"attachment wp-att-1381\"><img loading=\"lazy\" decoding=\"async\" aria-describedby=\"caption-attachment-1381\" class=\"wp-image-1381\" src=\"http:\/\/www.14aug.dk\/wp-content\/uploads\/2014\/05\/rocksvisionII01-300x225.jpg\" alt=\"rocksvisionII01\" width=\"256\" height=\"192\" srcset=\"https:\/\/www.14aug.dk\/wp-content\/uploads\/2014\/05\/rocksvisionII01-300x225.jpg 300w, https:\/\/www.14aug.dk\/wp-content\/uploads\/2014\/05\/rocksvisionII01.jpg 667w\" sizes=\"(max-width: 256px) 100vw, 256px\" \/><\/a><p id=\"caption-attachment-1381\" class=\"wp-caption-text\">Kaori Juzu 2015<\/p><\/div>\n<div id=\"attachment_1380\" style=\"width: 268px\" class=\"wp-caption alignnone\"><a href=\"http:\/\/www.14aug.dk\/wp-content\/uploads\/2014\/05\/interplay13.jpg\" rel=\"attachment wp-att-1380\"><img loading=\"lazy\" decoding=\"async\" aria-describedby=\"caption-attachment-1380\" class=\"wp-image-1380\" src=\"http:\/\/www.14aug.dk\/wp-content\/uploads\/2014\/05\/interplay13-300x269.jpg\" alt=\"interplay13\" width=\"258\" height=\"231\" srcset=\"https:\/\/www.14aug.dk\/wp-content\/uploads\/2014\/05\/interplay13-300x269.jpg 300w, https:\/\/www.14aug.dk\/wp-content\/uploads\/2014\/05\/interplay13.jpg 613w\" sizes=\"(max-width: 258px) 100vw, 258px\" \/><\/a><p id=\"caption-attachment-1380\" class=\"wp-caption-text\">2015 Per Suntum<\/p><\/div>\n<\/div>\n<div id=\"attachment_384\" style=\"width: 273px\" class=\"wp-caption alignnone\"><a href=\"http:\/\/14aug.dk\/wp-content\/uploads\/2014\/05\/Bezier-Bowls-diam-24-20-16-cm.jpg\"><img loading=\"lazy\" decoding=\"async\" aria-describedby=\"caption-attachment-384\" class=\"wp-image-384\" src=\"http:\/\/www.14aug.dk\/wp-content\/uploads\/2014\/05\/Bezier-Bowls-diam-24-20-16-cm-150x150.jpg\" alt=\"Bezier Bowls - \u00d8 24 20 16 cm\" width=\"263\" height=\"176\" srcset=\"https:\/\/www.14aug.dk\/wp-content\/uploads\/2014\/05\/Bezier-Bowls-diam-24-20-16-cm-300x202.jpg 300w, https:\/\/www.14aug.dk\/wp-content\/uploads\/2014\/05\/Bezier-Bowls-diam-24-20-16-cm.jpg 744w\" sizes=\"(max-width: 263px) 100vw, 263px\" \/><\/a><p id=\"caption-attachment-384\" class=\"wp-caption-text\">2004 Stig Persson<\/p><\/div>\n<div class=\"entry-content\">\n<p>&nbsp;<\/p>\n<\/div>\n<div id=\"attachment_410\" style=\"width: 273px\" class=\"wp-caption alignnone\"><a href=\"http:\/\/14aug.dk\/wp-content\/uploads\/2014\/05\/images2.jpg\"><img loading=\"lazy\" decoding=\"async\" aria-describedby=\"caption-attachment-410\" class=\"wp-image-410\" src=\"http:\/\/14aug.dk\/wp-content\/uploads\/2014\/05\/images2.jpg\" alt=\"images[2]\" width=\"263\" height=\"239\"><\/a><p id=\"caption-attachment-410\" class=\"wp-caption-text\">2005 Sten Lykke Madsen<\/p><\/div>\n<div class=\"entry-content\">\n<div id=\"attachment_466\" style=\"width: 272px\" class=\"wp-caption alignnone\"><a href=\"http:\/\/14aug.dk\/wp-content\/uploads\/2014\/05\/1992_015_halssmykke_Karen_Ihle11.jpg\"><img loading=\"lazy\" decoding=\"async\" aria-describedby=\"caption-attachment-466\" class=\"wp-image-466\" src=\"http:\/\/www.14aug.dk\/wp-content\/uploads\/2014\/05\/1992_015_halssmykke_Karen_Ihle11-300x300.jpg\" alt=\"1992_015_halssmykke_Karen_Ihle[1]\" width=\"262\" height=\"262\" srcset=\"https:\/\/www.14aug.dk\/wp-content\/uploads\/2014\/05\/1992_015_halssmykke_Karen_Ihle11-300x300.jpg 300w, https:\/\/www.14aug.dk\/wp-content\/uploads\/2014\/05\/1992_015_halssmykke_Karen_Ihle11-150x150.jpg 150w, https:\/\/www.14aug.dk\/wp-content\/uploads\/2014\/05\/1992_015_halssmykke_Karen_Ihle11.jpg 800w\" sizes=\"(max-width: 262px) 100vw, 262px\" \/><\/a><p id=\"caption-attachment-466\" class=\"wp-caption-text\">2006 Karen Ihle og Jens Eliassen<\/p><\/div>&nbsp;<\/p>\n<div id=\"attachment_1795\" style=\"width: 264px\" class=\"wp-caption alignleft\"><img loading=\"lazy\" decoding=\"async\" aria-describedby=\"caption-attachment-1795\" class=\"wp-image-1795 \" src=\"http:\/\/www.14aug.dk\/wp-content\/uploads\/2019\/08\/MCstor-300x155.jpg\" alt=\"\" width=\"254\" height=\"131\" srcset=\"https:\/\/www.14aug.dk\/wp-content\/uploads\/2019\/08\/MCstor-300x155.jpg 300w, https:\/\/www.14aug.dk\/wp-content\/uploads\/2019\/08\/MCstor-768x398.jpg 768w, https:\/\/www.14aug.dk\/wp-content\/uploads\/2019\/08\/MCstor.jpg 983w\" sizes=\"(max-width: 254px) 100vw, 254px\" \/><p id=\"caption-attachment-1795\" class=\"wp-caption-text\">2007 Anne Fabricius M\u00f8ller<\/p><\/div>\n<\/div>\n<div class=\"entry-content\">\n<div class=\"entry-content\">\n<p>&nbsp;<\/p>\n<p><a href=\"http:\/\/14aug.dk\/wp-content\/uploads\/2014\/05\/Glassworks-by-Danish-Designer-Tora-Urup-311.jpg\"><img loading=\"lazy\" decoding=\"async\" class=\"wp-image-402\" src=\"http:\/\/www.14aug.dk\/wp-content\/uploads\/2014\/05\/Glassworks-by-Danish-Designer-Tora-Urup-311.jpg\" alt=\"Glassworks-by-Danish-Designer-Tora-Urup-3[1]\" width=\"182\" height=\"182\" srcset=\"https:\/\/www.14aug.dk\/wp-content\/uploads\/2014\/05\/Glassworks-by-Danish-Designer-Tora-Urup-311.jpg 297w, https:\/\/www.14aug.dk\/wp-content\/uploads\/2014\/05\/Glassworks-by-Danish-Designer-Tora-Urup-311-150x150.jpg 150w\" sizes=\"(max-width: 182px) 100vw, 182px\" \/><\/a><\/p>\n<p>2008 Tora Urup<\/p>\n<\/div>\n<div class=\"entry-content\">\n<p><a href=\"http:\/\/14aug.dk\/wp-content\/uploads\/2014\/05\/cabinetmakers_171109_02212.jpg\"><img loading=\"lazy\" decoding=\"async\" class=\"wp-image-467 \" src=\"http:\/\/www.14aug.dk\/wp-content\/uploads\/2014\/05\/cabinetmakers_171109_02212.jpg\" alt=\"cabinetmakers_171109_022[1]\" width=\"241\" height=\"277\" srcset=\"https:\/\/www.14aug.dk\/wp-content\/uploads\/2014\/05\/cabinetmakers_171109_02212.jpg 300w, https:\/\/www.14aug.dk\/wp-content\/uploads\/2014\/05\/cabinetmakers_171109_02212-260x300.jpg 260w\" sizes=\"(max-width: 241px) 100vw, 241px\" \/><\/a><\/p>\n<\/div>\n<div class=\"entry-content\">\n<p>2009 Carlo Wolf<\/p>\n<p><a href=\"http:\/\/14aug.dk\/wp-content\/uploads\/2014\/05\/Mette-Augustinus-Poulsen.jpg\"><img loading=\"lazy\" decoding=\"async\" class=\"wp-image-470 \" src=\"http:\/\/www.14aug.dk\/wp-content\/uploads\/2014\/05\/Mette-Augustinus-Poulsen-300x211.jpg\" alt=\"Mette Augustinus Poulsen\" width=\"250\" height=\"176\" srcset=\"https:\/\/www.14aug.dk\/wp-content\/uploads\/2014\/05\/Mette-Augustinus-Poulsen-300x211.jpg 300w, https:\/\/www.14aug.dk\/wp-content\/uploads\/2014\/05\/Mette-Augustinus-Poulsen.jpg 640w\" sizes=\"(max-width: 250px) 100vw, 250px\" \/><\/a><\/p>\n<\/div>\n<div class=\"entry-content\">2010 Mette Augustinus Poulsen<\/div>\n<p><a href=\"http:\/\/14aug.dk\/wp-content\/uploads\/2014\/05\/kul_arje_ring2_07-0_720574w1.jpg\"><img loading=\"lazy\" decoding=\"async\" class=\"wp-image-397 \" src=\"http:\/\/www.14aug.dk\/wp-content\/uploads\/2014\/05\/kul_arje_ring2_07-0_720574w1-300x275.jpg\" alt=\"kul_arje_ring2_07-0_720574w[1]\" width=\"245\" height=\"226\" srcset=\"https:\/\/www.14aug.dk\/wp-content\/uploads\/2014\/05\/kul_arje_ring2_07-0_720574w1-300x275.jpg 300w, https:\/\/www.14aug.dk\/wp-content\/uploads\/2014\/05\/kul_arje_ring2_07-0_720574w1.jpg 310w\" sizes=\"(max-width: 245px) 100vw, 245px\" \/><\/a><\/p>\n<div class=\"entry-content\">\n<p>2011 Arje Griegst<\/p>\n<p><a href=\"http:\/\/14aug.dk\/wp-content\/uploads\/2014\/05\/gertrudvasegaard1.jpg\"><img loading=\"lazy\" decoding=\"async\" class=\"wp-image-412 \" src=\"http:\/\/www.14aug.dk\/wp-content\/uploads\/2014\/05\/gertrudvasegaard1-300x227.jpg\" alt=\"gertrudvasegaard[1]\" width=\"225\" height=\"171\" srcset=\"https:\/\/www.14aug.dk\/wp-content\/uploads\/2014\/05\/gertrudvasegaard1-300x227.jpg 300w, https:\/\/www.14aug.dk\/wp-content\/uploads\/2014\/05\/gertrudvasegaard1-1024x775.jpg 1024w\" sizes=\"(max-width: 225px) 100vw, 225px\" \/><\/a><\/p>\n<p>2012 Malene Lerager<\/p>\n<p><a href=\"http:\/\/14aug.dk\/wp-content\/uploads\/2014\/05\/Hanne-Backhaus.jpg\"><img loading=\"lazy\" decoding=\"async\" class=\"wp-image-676\" src=\"http:\/\/14aug.dk\/wp-content\/uploads\/2014\/05\/Hanne-Backhaus.jpg\" alt=\"Hanne Backhaus\" width=\"278\" height=\"417\" srcset=\"https:\/\/www.14aug.dk\/wp-content\/uploads\/2014\/05\/Hanne-Backhaus.jpg 1199w, https:\/\/www.14aug.dk\/wp-content\/uploads\/2014\/05\/Hanne-Backhaus-199x300.jpg 199w, https:\/\/www.14aug.dk\/wp-content\/uploads\/2014\/05\/Hanne-Backhaus-682x1024.jpg 682w\" sizes=\"(max-width: 278px) 100vw, 278px\" \/><\/a><\/p>\n<\/div>\n<div class=\"entry-content\">\n<p>2013 Hanne Backhaus<\/p>\n<p>&nbsp;<\/p>\n<p><a href=\"http:\/\/14aug.dk\/wp-content\/uploads\/2014\/05\/hyacinthMC.jpg\"><img loading=\"lazy\" decoding=\"async\" class=\"wp-image-693\" src=\"http:\/\/14aug.dk\/wp-content\/uploads\/2014\/05\/hyacinthMC.jpg\" alt=\"hyacinthMC\" width=\"260\" height=\"260\" srcset=\"https:\/\/www.14aug.dk\/wp-content\/uploads\/2014\/05\/hyacinthMC.jpg 945w, https:\/\/www.14aug.dk\/wp-content\/uploads\/2014\/05\/hyacinthMC-150x150.jpg 150w, https:\/\/www.14aug.dk\/wp-content\/uploads\/2014\/05\/hyacinthMC-300x300.jpg 300w\" sizes=\"(max-width: 260px) 100vw, 260px\" \/><\/a><\/p>\n<\/div>\n<div class=\"entry-content\">2014 Marianne Nielsen<\/div>\n<p>&nbsp;<\/p>\n<p>&nbsp;<\/p>\n<p>&nbsp;<\/p>\n<div class=\"entry-content\">\n<p>&nbsp;<\/p>\n<p>&nbsp;<\/p>\n<p>&nbsp;<\/p>\n<p>&nbsp;<\/p>\n<p>&nbsp;<\/p>\n<p>&nbsp;<\/p>\n<p>&nbsp;<\/p>\n<p>&nbsp;<\/p>\n<p>&nbsp;<\/p>\n<p>&nbsp;<\/p>\n<p>&nbsp;<\/p>\n<p>&nbsp;<\/p>\n<p>&nbsp;<\/p>\n<p>&nbsp;<\/p>\n<p>&nbsp;<\/p>\n<p>&nbsp;<\/p>\n<p>&nbsp;<\/p>\n<p>&nbsp;<\/p>\n<p>&nbsp;<\/p>\n<p>&nbsp;<\/p>\n<\/div>\n<\/div>\n","protected":false},"excerpt":{"rendered":"<p>Efter lukningen af Den Permanente overtog Kunstforeningen af 14.august uddelingen af Christian Gauballes mindelegat indtil midlerne heri var opbrugt i 2000. Herefter valgte foreningen at oprette et nyt legat, hvis midler skulle tilvejebringes&nbsp; fra fonds midler. Legatportionerne er p\u00e5 kr. 25.000. Uddelingen i 2018 I forbindelse med udstillings \u00e5bningen i 2018 blev v\u00e6ver Anne Mette <a class=\"read-more\" href=\"https:\/\/www.14aug.dk\/?page_id=383\">[&#8230;]<\/a><\/p>\n","protected":false},"author":1,"featured_media":0,"parent":0,"menu_order":0,"comment_status":"closed","ping_status":"closed","template":"","meta":{"footnotes":""},"_links":{"self":[{"href":"https:\/\/www.14aug.dk\/index.php?rest_route=\/wp\/v2\/pages\/383"}],"collection":[{"href":"https:\/\/www.14aug.dk\/index.php?rest_route=\/wp\/v2\/pages"}],"about":[{"href":"https:\/\/www.14aug.dk\/index.php?rest_route=\/wp\/v2\/types\/page"}],"author":[{"embeddable":true,"href":"https:\/\/www.14aug.dk\/index.php?rest_route=\/wp\/v2\/users\/1"}],"replies":[{"embeddable":true,"href":"https:\/\/www.14aug.dk\/index.php?rest_route=%2Fwp%2Fv2%2Fcomments&post=383"}],"version-history":[{"count":86,"href":"https:\/\/www.14aug.dk\/index.php?rest_route=\/wp\/v2\/pages\/383\/revisions"}],"predecessor-version":[{"id":1916,"href":"https:\/\/www.14aug.dk\/index.php?rest_route=\/wp\/v2\/pages\/383\/revisions\/1916"}],"wp:attachment":[{"href":"https:\/\/www.14aug.dk\/index.php?rest_route=%2Fwp%2Fv2%2Fmedia&parent=383"}],"curies":[{"name":"wp","href":"https:\/\/api.w.org\/{rel}","templated":true}]}}