{"id":18,"date":"2014-04-08T17:53:33","date_gmt":"2014-04-08T17:53:33","guid":{"rendered":"http:\/\/14aug.dk\/?page_id=18"},"modified":"2020-11-14T14:33:29","modified_gmt":"2020-11-14T14:33:29","slug":"ledelse","status":"publish","type":"page","link":"https:\/\/www.14aug.dk\/?page_id=18","title":{"rendered":"LEDELSE"},"content":{"rendered":"<p>FORENINGENS LEDELSE<\/p>\n<p>PR\u00c6SIDIE<br>Foreningen er organiseret med et pr\u00e6sidie, der i 2020-21 best\u00e5r af 7 medlemmer. Hvert \u00e5r i forbindelse med \u00e5bning af udstillingen af de indk\u00f8bte v\u00e6rker afholdes et pr\u00e6sidiem\u00f8de. M\u00f8dets form\u00e5l er at evaluere \u00e5rets aktiviteter, gennemg\u00e5 foreningens regnskab og v\u00e6lge medlemmer til ledelsen.&nbsp;<\/p>\n<p>BESTYRELSE<br>Desuden er der en bestyrelse best\u00e5ende af 5 medlemmer der ledes af en formand, n\u00e6stformand.<\/p>\n<p>SEKRETARIAT<br>Sekretariatet er siden 1984 varetaget af Ole Larsen, der er medlem af bestyrelsen og l\u00e6gger sekretariatslokaler til foreningens fysiske adresse.<\/p>\n<p>INDK\u00d8BSUDVALG<br>Alle indk\u00f8b til foreningens udlodning foretages af et indk\u00f8bsudvalg best\u00e5ende af 3-4 personer. Formanden for indk\u00f8bsudvalget er fast varetaget af sekretariatslederen, der ligeledes er foreningens \u00f8konomiansvarlige.<\/p>\n<p>UDV\u00c6LGELSE AF LEGATMODTAGER<br>Udv\u00e6lgelse af legatmodtager varetages af indk\u00f8bsudvalget og bestyrelsen.<\/p>\n<h2>&nbsp;<\/h2>\n<p><\/p>\n\n\n<p><\/p>\n","protected":false},"excerpt":{"rendered":"<p>FORENINGENS LEDELSE PR\u00c6SIDIEForeningen er organiseret med et pr\u00e6sidie, der i 2020-21 best\u00e5r af 7 medlemmer. Hvert \u00e5r i forbindelse med \u00e5bning af udstillingen af de indk\u00f8bte v\u00e6rker afholdes et pr\u00e6sidiem\u00f8de. M\u00f8dets form\u00e5l er at evaluere \u00e5rets aktiviteter, gennemg\u00e5 foreningens regnskab og v\u00e6lge medlemmer til ledelsen.&nbsp; BESTYRELSEDesuden er der en bestyrelse best\u00e5ende af 5 medlemmer der <a class=\"read-more\" href=\"https:\/\/www.14aug.dk\/?page_id=18\">[&#8230;]<\/a><\/p>\n","protected":false},"author":1,"featured_media":0,"parent":0,"menu_order":0,"comment_status":"closed","ping_status":"closed","template":"","meta":{"footnotes":""},"_links":{"self":[{"href":"https:\/\/www.14aug.dk\/index.php?rest_route=\/wp\/v2\/pages\/18"}],"collection":[{"href":"https:\/\/www.14aug.dk\/index.php?rest_route=\/wp\/v2\/pages"}],"about":[{"href":"https:\/\/www.14aug.dk\/index.php?rest_route=\/wp\/v2\/types\/page"}],"author":[{"embeddable":true,"href":"https:\/\/www.14aug.dk\/index.php?rest_route=\/wp\/v2\/users\/1"}],"replies":[{"embeddable":true,"href":"https:\/\/www.14aug.dk\/index.php?rest_route=%2Fwp%2Fv2%2Fcomments&post=18"}],"version-history":[{"count":11,"href":"https:\/\/www.14aug.dk\/index.php?rest_route=\/wp\/v2\/pages\/18\/revisions"}],"predecessor-version":[{"id":1854,"href":"https:\/\/www.14aug.dk\/index.php?rest_route=\/wp\/v2\/pages\/18\/revisions\/1854"}],"wp:attachment":[{"href":"https:\/\/www.14aug.dk\/index.php?rest_route=%2Fwp%2Fv2%2Fmedia&parent=18"}],"curies":[{"name":"wp","href":"https:\/\/api.w.org\/{rel}","templated":true}]}}